{"id":34,"date":"2021-07-29T23:38:32","date_gmt":"2021-07-29T23:38:32","guid":{"rendered":"https:\/\/venezolanoseneltriad.org\/?page_id=34"},"modified":"2023-06-01T23:56:36","modified_gmt":"2023-06-01T23:56:36","slug":"what-we-do","status":"publish","type":"page","link":"https:\/\/venezolanoseneltriad.org\/es\/what-we-do\/","title":{"rendered":"Qu\u00e9 Hacemos?"},"content":{"rendered":"<div data-elementor-type=\"wp-post\" data-elementor-id=\"34\" class=\"elementor elementor-34\">\n\t\t\t\t\t\t\t\t\t<section class=\"elementor-section elementor-top-section elementor-element elementor-element-6c41702b elementor-section-content-middle elementor-section-boxed elementor-section-height-default elementor-section-height-default\" data-id=\"6c41702b\" data-element_type=\"section\" data-settings=\"{&quot;background_background&quot;:&quot;classic&quot;}\">\n\t\t\t\t\t\t\t<div class=\"elementor-background-overlay\"><\/div>\n\t\t\t\t\t\t\t<div class=\"elementor-container elementor-column-gap-wide\">\n\t\t\t\t\t<div class=\"elementor-column elementor-col-100 elementor-top-column elementor-element elementor-element-443b0413\" data-id=\"443b0413\" data-element_type=\"column\">\n\t\t\t<div class=\"elementor-widget-wrap elementor-element-populated\">\n\t\t\t\t\t\t\t\t<div class=\"elementor-element elementor-element-63016916 elementor-hidden-phone elementor-widget elementor-widget-heading\" data-id=\"63016916\" data-element_type=\"widget\" data-widget_type=\"heading.default\">\n\t\t\t\t<div class=\"elementor-widget-container\">\n\t\t\t<h2 class=\"elementor-heading-title elementor-size-small\">AYUDA Humanitaria para Venezuela<\/h2>\t\t<\/div>\n\t\t\t\t<\/div>\n\t\t\t\t\t<\/div>\n\t\t<\/div>\n\t\t\t\t\t\t\t<\/div>\n\t\t<\/section>\n\t\t\t\t<section class=\"elementor-section elementor-top-section elementor-element elementor-element-e038bbd elementor-section-boxed elementor-section-height-default elementor-section-height-default\" data-id=\"e038bbd\" data-element_type=\"section\" data-settings=\"{&quot;background_background&quot;:&quot;classic&quot;}\">\n\t\t\t\t\t\t<div class=\"elementor-container elementor-column-gap-default\">\n\t\t\t\t\t<div class=\"elementor-column elementor-col-100 elementor-top-column elementor-element elementor-element-4473049\" data-id=\"4473049\" data-element_type=\"column\">\n\t\t\t<div class=\"elementor-widget-wrap elementor-element-populated\">\n\t\t\t\t\t\t\t\t<div class=\"elementor-element elementor-element-e3bf077 elementor-widget elementor-widget-heading\" data-id=\"e3bf077\" data-element_type=\"widget\" data-widget_type=\"heading.default\">\n\t\t\t\t<div class=\"elementor-widget-container\">\n\t\t\t<h2 class=\"elementor-heading-title elementor-size-default\">Qu\u00e9 Hacemos?<\/h2>\t\t<\/div>\n\t\t\t\t<\/div>\n\t\t\t\t<div class=\"elementor-element elementor-element-4dc5936 elementor-widget-divider--view-line elementor-widget elementor-widget-divider\" data-id=\"4dc5936\" data-element_type=\"widget\" data-widget_type=\"divider.default\">\n\t\t\t\t<div class=\"elementor-widget-container\">\n\t\t\t\t\t<div class=\"elementor-divider\">\n\t\t\t<span class=\"elementor-divider-separator\">\n\t\t\t\t\t\t<\/span>\n\t\t<\/div>\n\t\t\t\t<\/div>\n\t\t\t\t<\/div>\n\t\t\t\t<section class=\"elementor-section elementor-inner-section elementor-element elementor-element-5e29a35 elementor-section-content-top elementor-section-boxed elementor-section-height-default elementor-section-height-default\" data-id=\"5e29a35\" data-element_type=\"section\">\n\t\t\t\t\t\t<div class=\"elementor-container elementor-column-gap-extended\">\n\t\t\t\t\t<div class=\"elementor-column elementor-col-100 elementor-inner-column elementor-element elementor-element-6033de4\" data-id=\"6033de4\" data-element_type=\"column\">\n\t\t\t<div class=\"elementor-widget-wrap elementor-element-populated\">\n\t\t\t\t\t\t\t\t<div class=\"elementor-element elementor-element-5bc5263 elementor-widget elementor-widget-heading\" data-id=\"5bc5263\" data-element_type=\"widget\" data-widget_type=\"heading.default\">\n\t\t\t\t<div class=\"elementor-widget-container\">\n\t\t\t<h2 class=\"elementor-heading-title elementor-size-default\">\"Bienvenidos al Triad\"<\/h2>\t\t<\/div>\n\t\t\t\t<\/div>\n\t\t\t\t<div class=\"elementor-element elementor-element-154eb8d elementor-widget elementor-widget-text-editor\" data-id=\"154eb8d\" data-element_type=\"widget\" data-widget_type=\"text-editor.default\">\n\t\t\t\t<div class=\"elementor-widget-container\">\n\t\t\t\t\t\t\t<p><b>North Carolina, USA<\/b><span style=\"font-weight: 400;\">Programa de asistencia permanente para nuevos residentes de la Triada \u201cBienvenidos a la Triada\u201d. Desarrollado en 2015, el programa apoya y asesora a los nuevos residentes inmigrantes y su grupo familiar para instalarse c\u00f3modamente en las ciudades del Triad. De acuerdo al \u00e1rea recomendamos y asesoramos orientaci\u00f3n y derivaci\u00f3n de personas a otras opciones apropiadas sin fines de lucro en escuelas, oportunidades laborales y estudios de ingl\u00e9s.<\/span><\/p><p><span style=\"font-weight: 400;\">Este programa proporciona muebles, enseres dom\u00e9sticos y ropa (nuevos y usados en buen estado) a trav\u00e9s de donaciones que recibimos constantemente a quienes lo necesitan, ya sea porque son reci\u00e9n llegados o porque no tienen posibilidades econ\u00f3micas de adquirirlos. <\/span><span style=\"font-weight: 400;\">arrived and need them or they don\u2019t have the means to acquire them.<\/span><\/p><p><span style=\"font-weight: 400;\">Hasta el d\u00eda de hoy, estamos comprometidos a ayudar a los ciudadanos venezolanos que viven y trabajan en el Triad y tambi\u00e9n a brindar un poco de apoyo a nuestros hermanos venezolanos que est\u00e1n viviendo momentos muy dif\u00edciles en Venezuela. Sabemos que los n\u00fameros y estad\u00edsticas de venezolanos aumentan cada d\u00eda en los Estados Unidos debido a la crisis humanitaria, pol\u00edtica y social en Venezuela. Nuestro plan de futuro es seguir ayudando y ser una manita para dar un poco de apoyo a nuestra comunidad en estos momentos tan duros.<\/span><\/p><p><span style=\"font-weight: 400;\">Tenemos grupos de redes sociales como Facebook e Instagram llamados \"Venezolanos en el Triad\", donde abrimos las oportunidades a otros, para publicitar especialmente a las peque\u00f1as empresas, para publicitar sus productos y servicios.<\/span><\/p><p><span style=\"font-weight: 400;\">Tambi\u00e9n tenemos un grupo de whatsApp donde podemos apoyarnos directamente con informaci\u00f3n sobre c\u00f3mo navegar el sistema y d\u00f3nde encontrar productos y servicios.\u00a0<\/span><\/p><p><span style=\"font-weight: 400;\">En nuestros eventos solemos recibir donaciones de medicamentos como Ibuprofeno, Acetaminofeno y otros que se pueden comprar en el mostrador. Tambi\u00e9n recibimos alimentos no perecederos, Ropa y peque\u00f1os juguetes para ser enviados a Venezuela.<\/span><\/p>\t\t\t\t\t\t<\/div>\n\t\t\t\t<\/div>\n\t\t\t\t\t<\/div>\n\t\t<\/div>\n\t\t\t\t\t\t\t<\/div>\n\t\t<\/section>\n\t\t\t\t\t<\/div>\n\t\t<\/div>\n\t\t\t\t\t\t\t<\/div>\n\t\t<\/section>\n\t\t\t\t\t\t\t<\/div>","protected":false},"excerpt":{"rendered":"<p>Consectetur Adipisicing Elit We Support Children and Youth to Reach Their Full Potential What We Do 01. \u2014 We Find &#038; Fund Lorem ipsum dolor sit amet, consectetur adipisicing elit, sed do eiusmod incididunt ut labore et dolore magna aliqua ut enim ad minim veniam, quis nostrud. 02. \u2014 We Build Networks Lorem ipsum dolor &hellip;<\/p>\n<p class=\"read-more\"> <a class=\"\" href=\"https:\/\/websitedemos.net\/charity-02\/what-we-do\/\"> <span class=\"screen-reader-text\">Qu\u00e9 Hacemos?<\/span> Read More &raquo;<\/a><\/p>","protected":false},"author":1,"featured_media":0,"parent":0,"menu_order":0,"comment_status":"closed","ping_status":"closed","template":"elementor_header_footer","meta":{"site-sidebar-layout":"no-sidebar","site-content-layout":"page-builder","ast-main-header-display":"","ast-hfb-above-header-display":"","ast-hfb-below-header-display":"","ast-hfb-mobile-header-display":"","site-post-title":"disabled","ast-breadcrumbs-content":"","ast-featured-img":"disabled","footer-sml-layout":"","theme-transparent-header-meta":"","adv-header-id-meta":"","stick-header-meta":"","header-above-stick-meta":"","header-main-stick-meta":"","header-below-stick-meta":""},"_links":{"self":[{"href":"https:\/\/venezolanoseneltriad.org\/es\/wp-json\/wp\/v2\/pages\/34"}],"collection":[{"href":"https:\/\/venezolanoseneltriad.org\/es\/wp-json\/wp\/v2\/pages"}],"about":[{"href":"https:\/\/venezolanoseneltriad.org\/es\/wp-json\/wp\/v2\/types\/page"}],"author":[{"embeddable":true,"href":"https:\/\/venezolanoseneltriad.org\/es\/wp-json\/wp\/v2\/users\/1"}],"replies":[{"embeddable":true,"href":"https:\/\/venezolanoseneltriad.org\/es\/wp-json\/wp\/v2\/comments?post=34"}],"version-history":[{"count":945,"href":"https:\/\/venezolanoseneltriad.org\/es\/wp-json\/wp\/v2\/pages\/34\/revisions"}],"predecessor-version":[{"id":4073,"href":"https:\/\/venezolanoseneltriad.org\/es\/wp-json\/wp\/v2\/pages\/34\/revisions\/4073"}],"wp:attachment":[{"href":"https:\/\/venezolanoseneltriad.org\/es\/wp-json\/wp\/v2\/media?parent=34"}],"curies":[{"name":"wp","href":"https:\/\/api.w.org\/{rel}","templated":true}]}}