{"id":38,"date":"2021-07-30T15:10:20","date_gmt":"2021-07-30T15:10:20","guid":{"rendered":"https:\/\/venezolanoseneltriad.org\/?page_id=38"},"modified":"2023-06-13T00:58:36","modified_gmt":"2023-06-13T00:58:36","slug":"our-sponsors","status":"publish","type":"page","link":"https:\/\/venezolanoseneltriad.org\/es\/our-sponsors\/","title":{"rendered":"Patrocinadores"},"content":{"rendered":"<div data-elementor-type=\"wp-post\" data-elementor-id=\"38\" class=\"elementor elementor-38\">\n\t\t\t\t\t\t\t\t\t<section class=\"elementor-section elementor-top-section elementor-element elementor-element-62c6e8cb elementor-section-height-full elementor-section-boxed elementor-section-height-default elementor-section-items-middle\" data-id=\"62c6e8cb\" data-element_type=\"section\" data-settings=\"{&quot;background_background&quot;:&quot;classic&quot;}\">\n\t\t\t\t\t\t\t<div class=\"elementor-background-overlay\"><\/div>\n\t\t\t\t\t\t\t<div class=\"elementor-container elementor-column-gap-wide\">\n\t\t\t\t\t<div class=\"elementor-column elementor-col-100 elementor-top-column elementor-element elementor-element-1adcf773\" data-id=\"1adcf773\" data-element_type=\"column\">\n\t\t\t<div class=\"elementor-widget-wrap elementor-element-populated\">\n\t\t\t\t\t\t\t\t<div class=\"elementor-element elementor-element-1a645069 elementor-widget-divider--view-line elementor-widget elementor-widget-divider\" data-id=\"1a645069\" data-element_type=\"widget\" data-widget_type=\"divider.default\">\n\t\t\t\t<div class=\"elementor-widget-container\">\n\t\t\t\t\t<div class=\"elementor-divider\">\n\t\t\t<span class=\"elementor-divider-separator\">\n\t\t\t\t\t\t<\/span>\n\t\t<\/div>\n\t\t\t\t<\/div>\n\t\t\t\t<\/div>\n\t\t\t\t<div class=\"elementor-element elementor-element-47757d77 elementor-widget elementor-widget-heading\" data-id=\"47757d77\" data-element_type=\"widget\" data-widget_type=\"heading.default\">\n\t\t\t\t<div class=\"elementor-widget-container\">\n\t\t\t<h1 class=\"elementor-heading-title elementor-size-default\">H\u00c9ROES CON LA PASI\u00d3N DE TRANSFORMAR SUS COMUNIDADES<\/h1>\t\t<\/div>\n\t\t\t\t<\/div>\n\t\t\t\t\t<\/div>\n\t\t<\/div>\n\t\t\t\t\t\t\t<\/div>\n\t\t<\/section>\n\t\t\t\t<section class=\"elementor-section elementor-top-section elementor-element elementor-element-3ff8c572 elementor-section-boxed elementor-section-height-default elementor-section-height-default\" data-id=\"3ff8c572\" data-element_type=\"section\">\n\t\t\t\t\t\t<div class=\"elementor-container elementor-column-gap-default\">\n\t\t\t\t\t<div class=\"elementor-column elementor-col-100 elementor-top-column elementor-element elementor-element-f461fff\" data-id=\"f461fff\" data-element_type=\"column\">\n\t\t\t<div class=\"elementor-widget-wrap elementor-element-populated\">\n\t\t\t\t\t\t\t\t<div class=\"elementor-element elementor-element-8b0ab99 elementor-widget elementor-widget-heading\" data-id=\"8b0ab99\" data-element_type=\"widget\" data-widget_type=\"heading.default\">\n\t\t\t\t<div class=\"elementor-widget-container\">\n\t\t\t<h3 class=\"elementor-heading-title elementor-size-default\">Las siguientes empresas\/individuos ayudaron a financiar la creaci\u00f3n del sitio web 'Venezolanos en el Triad'<\/h3>\t\t<\/div>\n\t\t\t\t<\/div>\n\t\t\t\t<section class=\"elementor-section elementor-inner-section elementor-element elementor-element-702faae8 elementor-section-content-top elementor-section-boxed elementor-section-height-default elementor-section-height-default\" data-id=\"702faae8\" data-element_type=\"section\">\n\t\t\t\t\t\t<div class=\"elementor-container elementor-column-gap-extended\">\n\t\t\t\t\t<div class=\"elementor-column elementor-col-50 elementor-inner-column elementor-element elementor-element-72732f63\" data-id=\"72732f63\" data-element_type=\"column\">\n\t\t\t<div class=\"elementor-widget-wrap elementor-element-populated\">\n\t\t\t\t\t\t\t\t<div class=\"elementor-element elementor-element-a26455b elementor-widget elementor-widget-image\" data-id=\"a26455b\" data-element_type=\"widget\" data-widget_type=\"image.default\">\n\t\t\t\t<div class=\"elementor-widget-container\">\n\t\t\t\t\t\t\t\t\t\t\t\t\t\t\t<img width=\"1217\" height=\"670\" src=\"https:\/\/venezolanoseneltriad.org\/wp-content\/uploads\/2023\/04\/Mi-Pueblo-Logo-jpeg.jpg\" class=\"attachment-full size-full wp-image-4018\" alt=\"\" loading=\"lazy\" srcset=\"https:\/\/venezolanoseneltriad.org\/wp-content\/uploads\/2023\/04\/Mi-Pueblo-Logo-jpeg.jpg 1217w, https:\/\/venezolanoseneltriad.org\/wp-content\/uploads\/2023\/04\/Mi-Pueblo-Logo-jpeg-300x165.jpg 300w, https:\/\/venezolanoseneltriad.org\/wp-content\/uploads\/2023\/04\/Mi-Pueblo-Logo-jpeg-1024x564.jpg 1024w, https:\/\/venezolanoseneltriad.org\/wp-content\/uploads\/2023\/04\/Mi-Pueblo-Logo-jpeg-768x423.jpg 768w, https:\/\/venezolanoseneltriad.org\/wp-content\/uploads\/2023\/04\/Mi-Pueblo-Logo-jpeg-18x10.jpg 18w\" sizes=\"(max-width: 1217px) 100vw, 1217px\" \/>\t\t\t\t\t\t\t\t\t\t\t\t\t\t\t<\/div>\n\t\t\t\t<\/div>\n\t\t\t\t\t<\/div>\n\t\t<\/div>\n\t\t\t\t<div class=\"elementor-column elementor-col-50 elementor-inner-column elementor-element elementor-element-3f5a20c6\" data-id=\"3f5a20c6\" data-element_type=\"column\">\n\t\t\t<div class=\"elementor-widget-wrap elementor-element-populated\">\n\t\t\t\t\t\t\t\t<div class=\"elementor-element elementor-element-51c38f06 elementor-widget elementor-widget-heading\" data-id=\"51c38f06\" data-element_type=\"widget\" data-widget_type=\"heading.default\">\n\t\t\t\t<div class=\"elementor-widget-container\">\n\t\t\t<h3 class=\"elementor-heading-title elementor-size-default\">Mi Pueblo Mexican Grill<\/h3>\t\t<\/div>\n\t\t\t\t<\/div>\n\t\t\t\t<div class=\"elementor-element elementor-element-67d9aab7 elementor-widget elementor-widget-text-editor\" data-id=\"67d9aab7\" data-element_type=\"widget\" data-widget_type=\"text-editor.default\">\n\t\t\t\t<div class=\"elementor-widget-container\">\n\t\t\t\t\t\t\t<p><strong>Mexican Restaurant<\/strong><br \/>Mi Pueblo Mexican Restaurant es la realizaci\u00f3n del sue\u00f1o de Jes\u00fas y Mar\u00eda Ruiz. Jes\u00fas y Mar\u00eda nacieron en peque\u00f1os pueblos de M\u00e9xico. Visite nuestro sitio web.<\/p><p><a href=\"https:\/\/www.mipueblomexgrill.com\/\"><span style=\"color: #0170b9;\">https:\/\/www.mipueblomexgrill.com\/<\/span><\/a><\/p>\t\t\t\t\t\t<\/div>\n\t\t\t\t<\/div>\n\t\t\t\t<div class=\"elementor-element elementor-element-4921bb0 elementor-widget-divider--view-line elementor-widget elementor-widget-divider\" data-id=\"4921bb0\" data-element_type=\"widget\" data-widget_type=\"divider.default\">\n\t\t\t\t<div class=\"elementor-widget-container\">\n\t\t\t\t\t<div class=\"elementor-divider\">\n\t\t\t<span class=\"elementor-divider-separator\">\n\t\t\t\t\t\t<\/span>\n\t\t<\/div>\n\t\t\t\t<\/div>\n\t\t\t\t<\/div>\n\t\t\t\t\t<\/div>\n\t\t<\/div>\n\t\t\t\t\t\t\t<\/div>\n\t\t<\/section>\n\t\t\t\t<section class=\"elementor-section elementor-inner-section elementor-element elementor-element-7ffae5d elementor-section-content-top elementor-section-boxed elementor-section-height-default elementor-section-height-default\" data-id=\"7ffae5d\" data-element_type=\"section\">\n\t\t\t\t\t\t<div class=\"elementor-container elementor-column-gap-extended\">\n\t\t\t\t\t<div class=\"elementor-column elementor-col-50 elementor-inner-column elementor-element elementor-element-3f01a95\" data-id=\"3f01a95\" data-element_type=\"column\">\n\t\t\t<div class=\"elementor-widget-wrap elementor-element-populated\">\n\t\t\t\t\t\t\t\t<div class=\"elementor-element elementor-element-e6e0474 elementor-widget elementor-widget-image\" data-id=\"e6e0474\" data-element_type=\"widget\" data-widget_type=\"image.default\">\n\t\t\t\t<div class=\"elementor-widget-container\">\n\t\t\t\t\t\t\t\t\t\t\t\t\t\t\t<img width=\"237\" height=\"265\" src=\"https:\/\/venezolanoseneltriad.org\/wp-content\/uploads\/2023\/06\/Elizas.png\" class=\"attachment-full size-full wp-image-4111\" alt=\"\" loading=\"lazy\" srcset=\"https:\/\/venezolanoseneltriad.org\/wp-content\/uploads\/2023\/06\/Elizas.png 237w, https:\/\/venezolanoseneltriad.org\/wp-content\/uploads\/2023\/06\/Elizas-11x12.png 11w\" sizes=\"(max-width: 237px) 100vw, 237px\" \/>\t\t\t\t\t\t\t\t\t\t\t\t\t\t\t<\/div>\n\t\t\t\t<\/div>\n\t\t\t\t\t<\/div>\n\t\t<\/div>\n\t\t\t\t<div class=\"elementor-column elementor-col-50 elementor-inner-column elementor-element elementor-element-b2a1d0d\" data-id=\"b2a1d0d\" data-element_type=\"column\">\n\t\t\t<div class=\"elementor-widget-wrap elementor-element-populated\">\n\t\t\t\t\t\t\t\t<div class=\"elementor-element elementor-element-937f9b8 elementor-widget elementor-widget-heading\" data-id=\"937f9b8\" data-element_type=\"widget\" data-widget_type=\"heading.default\">\n\t\t\t\t<div class=\"elementor-widget-container\">\n\t\t\t<h3 class=\"elementor-heading-title elementor-size-default\">Eliza's Helping Hands<\/h3>\t\t<\/div>\n\t\t\t\t<\/div>\n\t\t\t\t<div class=\"elementor-element elementor-element-3ebff83 elementor-widget elementor-widget-text-editor\" data-id=\"3ebff83\" data-element_type=\"widget\" data-widget_type=\"text-editor.default\">\n\t\t\t\t<div class=\"elementor-widget-container\">\n\t\t\t\t\t\t\t<p><strong>Eliza&#8217;s Helping Hands<\/strong><br \/>Sirviendo a hombres, mujeres y ni\u00f1os afectados por violencia dom\u00e9stica, agresi\u00f3n sexual, trafico de personas y otros delitos violentos que afectan.<\/p><p><a href=\"https:\/\/elizashelpinghands.org\/\"><span style=\"color: #0170b9;\">https:\/\/elizashelpinghands.org\/<\/span><\/a><\/p>\t\t\t\t\t\t<\/div>\n\t\t\t\t<\/div>\n\t\t\t\t<div class=\"elementor-element elementor-element-ba5a982 elementor-widget-divider--view-line elementor-widget elementor-widget-divider\" data-id=\"ba5a982\" data-element_type=\"widget\" data-widget_type=\"divider.default\">\n\t\t\t\t<div class=\"elementor-widget-container\">\n\t\t\t\t\t<div class=\"elementor-divider\">\n\t\t\t<span class=\"elementor-divider-separator\">\n\t\t\t\t\t\t<\/span>\n\t\t<\/div>\n\t\t\t\t<\/div>\n\t\t\t\t<\/div>\n\t\t\t\t\t<\/div>\n\t\t<\/div>\n\t\t\t\t\t\t\t<\/div>\n\t\t<\/section>\n\t\t\t\t<section class=\"elementor-section elementor-inner-section elementor-element elementor-element-a9aaf5c elementor-section-content-top elementor-section-boxed elementor-section-height-default elementor-section-height-default\" data-id=\"a9aaf5c\" data-element_type=\"section\">\n\t\t\t\t\t\t<div class=\"elementor-container elementor-column-gap-extended\">\n\t\t\t\t\t<div class=\"elementor-column elementor-col-50 elementor-inner-column elementor-element elementor-element-c3dac22\" data-id=\"c3dac22\" data-element_type=\"column\">\n\t\t\t<div class=\"elementor-widget-wrap elementor-element-populated\">\n\t\t\t\t\t\t\t\t<div class=\"elementor-element elementor-element-cd56a14 elementor-widget elementor-widget-image\" data-id=\"cd56a14\" data-element_type=\"widget\" data-widget_type=\"image.default\">\n\t\t\t\t<div class=\"elementor-widget-container\">\n\t\t\t\t\t\t\t\t\t\t\t\t\t\t\t<img width=\"163\" height=\"194\" src=\"https:\/\/venezolanoseneltriad.org\/wp-content\/uploads\/2023\/06\/Logocool.png\" class=\"attachment-full size-full wp-image-4115\" alt=\"\" loading=\"lazy\" srcset=\"https:\/\/venezolanoseneltriad.org\/wp-content\/uploads\/2023\/06\/Logocool.png 163w, https:\/\/venezolanoseneltriad.org\/wp-content\/uploads\/2023\/06\/Logocool-10x12.png 10w\" sizes=\"(max-width: 163px) 100vw, 163px\" \/>\t\t\t\t\t\t\t\t\t\t\t\t\t\t\t<\/div>\n\t\t\t\t<\/div>\n\t\t\t\t\t<\/div>\n\t\t<\/div>\n\t\t\t\t<div class=\"elementor-column elementor-col-50 elementor-inner-column elementor-element elementor-element-0ec1440\" data-id=\"0ec1440\" data-element_type=\"column\">\n\t\t\t<div class=\"elementor-widget-wrap elementor-element-populated\">\n\t\t\t\t\t\t\t\t<div class=\"elementor-element elementor-element-cfaa0e1 elementor-widget elementor-widget-heading\" data-id=\"cfaa0e1\" data-element_type=\"widget\" data-widget_type=\"heading.default\">\n\t\t\t\t<div class=\"elementor-widget-container\">\n\t\t\t<h3 class=\"elementor-heading-title elementor-size-default\">(CIES) The COOL Program<\/h3>\t\t<\/div>\n\t\t\t\t<\/div>\n\t\t\t\t<div class=\"elementor-element elementor-element-feb0267 elementor-widget elementor-widget-text-editor\" data-id=\"feb0267\" data-element_type=\"widget\" data-widget_type=\"text-editor.default\">\n\t\t\t\t<div class=\"elementor-widget-container\">\n\t\t\t\t\t\t\t<h6><strong>Home of the COOL Program<\/strong><\/h6><p class=\"vc_custom_heading\">Community Intervention &amp; Educational Services (CIES) es una agencia enfocada en la comunidad con oficinas en Winston-Salem y Lexington, NC.<\/p><p><a href=\"https:\/\/ciescoolprogram.com\/\"><span style=\"color: #0170b9;\">https:\/\/ciescoolprogram.com\/<\/span><\/a><\/p>\t\t\t\t\t\t<\/div>\n\t\t\t\t<\/div>\n\t\t\t\t<div class=\"elementor-element elementor-element-ac8b473 elementor-widget-divider--view-line elementor-widget elementor-widget-divider\" data-id=\"ac8b473\" data-element_type=\"widget\" data-widget_type=\"divider.default\">\n\t\t\t\t<div class=\"elementor-widget-container\">\n\t\t\t\t\t<div class=\"elementor-divider\">\n\t\t\t<span class=\"elementor-divider-separator\">\n\t\t\t\t\t\t<\/span>\n\t\t<\/div>\n\t\t\t\t<\/div>\n\t\t\t\t<\/div>\n\t\t\t\t\t<\/div>\n\t\t<\/div>\n\t\t\t\t\t\t\t<\/div>\n\t\t<\/section>\n\t\t\t\t<section class=\"elementor-section elementor-inner-section elementor-element elementor-element-a5fe806 elementor-section-content-top elementor-section-boxed elementor-section-height-default elementor-section-height-default\" data-id=\"a5fe806\" data-element_type=\"section\">\n\t\t\t\t\t\t<div class=\"elementor-container elementor-column-gap-extended\">\n\t\t\t\t\t<div class=\"elementor-column elementor-col-50 elementor-inner-column elementor-element elementor-element-f71e381\" data-id=\"f71e381\" data-element_type=\"column\">\n\t\t\t<div class=\"elementor-widget-wrap elementor-element-populated\">\n\t\t\t\t\t\t\t\t<div class=\"elementor-element elementor-element-08c544b elementor-widget elementor-widget-image\" data-id=\"08c544b\" data-element_type=\"widget\" data-widget_type=\"image.default\">\n\t\t\t\t<div class=\"elementor-widget-container\">\n\t\t\t\t\t\t\t\t\t\t\t\t\t\t\t<img width=\"297\" height=\"191\" src=\"https:\/\/venezolanoseneltriad.org\/wp-content\/uploads\/2021\/08\/1-removebg-preview.png\" class=\"attachment-full size-full wp-image-1696\" alt=\"Triad-Carg-Vtriar\" loading=\"lazy\" srcset=\"https:\/\/venezolanoseneltriad.org\/wp-content\/uploads\/2021\/08\/1-removebg-preview.png 297w, https:\/\/venezolanoseneltriad.org\/wp-content\/uploads\/2021\/08\/1-removebg-preview-18x12.png 18w\" sizes=\"(max-width: 297px) 100vw, 297px\" \/>\t\t\t\t\t\t\t\t\t\t\t\t\t\t\t<\/div>\n\t\t\t\t<\/div>\n\t\t\t\t\t<\/div>\n\t\t<\/div>\n\t\t\t\t<div class=\"elementor-column elementor-col-50 elementor-inner-column elementor-element elementor-element-eddda22\" data-id=\"eddda22\" data-element_type=\"column\">\n\t\t\t<div class=\"elementor-widget-wrap elementor-element-populated\">\n\t\t\t\t\t\t\t\t<div class=\"elementor-element elementor-element-4cc4dd5 elementor-widget elementor-widget-heading\" data-id=\"4cc4dd5\" data-element_type=\"widget\" data-widget_type=\"heading.default\">\n\t\t\t\t<div class=\"elementor-widget-container\">\n\t\t\t<h3 class=\"elementor-heading-title elementor-size-default\">Triad Cargo<\/h3>\t\t<\/div>\n\t\t\t\t<\/div>\n\t\t\t\t<div class=\"elementor-element elementor-element-8ba8a65 elementor-widget elementor-widget-text-editor\" data-id=\"8ba8a65\" data-element_type=\"widget\" data-widget_type=\"text-editor.default\">\n\t\t\t\t<div class=\"elementor-widget-container\">\n\t\t\t\t\t\t\t<p><strong>Triad Cargo<\/strong><\/p><p>Somos una empresa de servicio puerta a puerta radicada en Carolina del Norte, Estados Unidos. Llevamos tu encomienda a Venezuela de una manera r\u00e1pida y segura.<\/p><p><a style=\"font-style: inherit; font-weight: inherit; font-family: var( --e-global-typography-text-font-family ), Sans-serif; background-color: #ffffff;\" href=\"https:\/\/triadcargousa.com\">https:\/\/triadcargousa.com\/<\/a><\/p>\t\t\t\t\t\t<\/div>\n\t\t\t\t<\/div>\n\t\t\t\t<div class=\"elementor-element elementor-element-c841681 elementor-widget-divider--view-line elementor-widget elementor-widget-divider\" data-id=\"c841681\" data-element_type=\"widget\" data-widget_type=\"divider.default\">\n\t\t\t\t<div class=\"elementor-widget-container\">\n\t\t\t\t\t<div class=\"elementor-divider\">\n\t\t\t<span class=\"elementor-divider-separator\">\n\t\t\t\t\t\t<\/span>\n\t\t<\/div>\n\t\t\t\t<\/div>\n\t\t\t\t<\/div>\n\t\t\t\t\t<\/div>\n\t\t<\/div>\n\t\t\t\t\t\t\t<\/div>\n\t\t<\/section>\n\t\t\t\t<section class=\"elementor-section elementor-inner-section elementor-element elementor-element-49a187c elementor-section-content-top elementor-section-boxed elementor-section-height-default elementor-section-height-default\" data-id=\"49a187c\" data-element_type=\"section\">\n\t\t\t\t\t\t<div class=\"elementor-container elementor-column-gap-extended\">\n\t\t\t\t\t<div class=\"elementor-column elementor-col-50 elementor-inner-column elementor-element elementor-element-93615f9\" data-id=\"93615f9\" data-element_type=\"column\">\n\t\t\t<div class=\"elementor-widget-wrap elementor-element-populated\">\n\t\t\t\t\t\t\t\t<div class=\"elementor-element elementor-element-06ef147 elementor-widget elementor-widget-image\" data-id=\"06ef147\" data-element_type=\"widget\" data-widget_type=\"image.default\">\n\t\t\t\t<div class=\"elementor-widget-container\">\n\t\t\t\t\t\t\t\t\t\t\t\t\t\t\t<img width=\"858\" height=\"1080\" src=\"https:\/\/venezolanoseneltriad.org\/wp-content\/uploads\/2021\/08\/Marina_Castillo_Gomez-VTRIAD-001.jpg\" class=\"attachment-full size-full wp-image-2145\" alt=\"\" loading=\"lazy\" srcset=\"https:\/\/venezolanoseneltriad.org\/wp-content\/uploads\/2021\/08\/Marina_Castillo_Gomez-VTRIAD-001.jpg 858w, https:\/\/venezolanoseneltriad.org\/wp-content\/uploads\/2021\/08\/Marina_Castillo_Gomez-VTRIAD-001-238x300.jpg 238w, https:\/\/venezolanoseneltriad.org\/wp-content\/uploads\/2021\/08\/Marina_Castillo_Gomez-VTRIAD-001-814x1024.jpg 814w, https:\/\/venezolanoseneltriad.org\/wp-content\/uploads\/2021\/08\/Marina_Castillo_Gomez-VTRIAD-001-768x967.jpg 768w, https:\/\/venezolanoseneltriad.org\/wp-content\/uploads\/2021\/08\/Marina_Castillo_Gomez-VTRIAD-001-10x12.jpg 10w\" sizes=\"(max-width: 858px) 100vw, 858px\" \/>\t\t\t\t\t\t\t\t\t\t\t\t\t\t\t<\/div>\n\t\t\t\t<\/div>\n\t\t\t\t\t<\/div>\n\t\t<\/div>\n\t\t\t\t<div class=\"elementor-column elementor-col-50 elementor-inner-column elementor-element elementor-element-883c6ff\" data-id=\"883c6ff\" data-element_type=\"column\">\n\t\t\t<div class=\"elementor-widget-wrap elementor-element-populated\">\n\t\t\t\t\t\t\t\t<div class=\"elementor-element elementor-element-8c5906a elementor-widget elementor-widget-heading\" data-id=\"8c5906a\" data-element_type=\"widget\" data-widget_type=\"heading.default\">\n\t\t\t\t<div class=\"elementor-widget-container\">\n\t\t\t<h3 class=\"elementor-heading-title elementor-size-default\">Castillo Immigration Law Firm<\/h3>\t\t<\/div>\n\t\t\t\t<\/div>\n\t\t\t\t<div class=\"elementor-element elementor-element-293793e elementor-widget elementor-widget-text-editor\" data-id=\"293793e\" data-element_type=\"widget\" data-widget_type=\"text-editor.default\">\n\t\t\t\t<div class=\"elementor-widget-container\">\n\t\t\t\t\t\t\t<strong>Marina Castillo<\/strong><br>\nMarina Castillo trabaja para brindar asistencia legal y compasi\u00f3n a sus clientes. Ella es una orgullosa defensora de su comunidad latina.<br>\nPhone: +1 (336) 283-6906<br>\nIg: @castilloimmigrationlaw<br>\n\n<a href=\"https:\/\/www.castillolawnc.com\/\">https:\/\/www.castillolawnc.com\/<\/a>\t\t\t\t\t\t<\/div>\n\t\t\t\t<\/div>\n\t\t\t\t<div class=\"elementor-element elementor-element-64ab1e6 elementor-widget-divider--view-line elementor-widget elementor-widget-divider\" data-id=\"64ab1e6\" data-element_type=\"widget\" data-widget_type=\"divider.default\">\n\t\t\t\t<div class=\"elementor-widget-container\">\n\t\t\t\t\t<div class=\"elementor-divider\">\n\t\t\t<span class=\"elementor-divider-separator\">\n\t\t\t\t\t\t<\/span>\n\t\t<\/div>\n\t\t\t\t<\/div>\n\t\t\t\t<\/div>\n\t\t\t\t\t<\/div>\n\t\t<\/div>\n\t\t\t\t\t\t\t<\/div>\n\t\t<\/section>\n\t\t\t\t\t<\/div>\n\t\t<\/div>\n\t\t\t\t\t\t\t<\/div>\n\t\t<\/section>\n\t\t\t\t\t\t\t<\/div>","protected":false},"excerpt":{"rendered":"<p>Icididunt Ut Labore Et Dolore These Are the Heroes with the Passion to Transform Their Communities Our Partners Brazil | Rio de Janeiro \u2014 Children Care Foundation Lorem ipsum dolor sit amet, consectetur adipisicing elit, sed do eiusmod incididunt ut labore et dolore magna aliqua ut enim ad minim veniam, quis nostrud. Exercitation ullamco laboris &hellip;<\/p>\n<p class=\"read-more\"> <a class=\"\" href=\"https:\/\/websitedemos.net\/charity-02\/our-partners\/\"> <span class=\"screen-reader-text\">Nuestros Socios<\/span> Read More &raquo;<\/a><\/p>","protected":false},"author":1,"featured_media":0,"parent":0,"menu_order":0,"comment_status":"closed","ping_status":"closed","template":"elementor_header_footer","meta":{"site-sidebar-layout":"no-sidebar","site-content-layout":"page-builder","ast-main-header-display":"","ast-hfb-above-header-display":"","ast-hfb-below-header-display":"","ast-hfb-mobile-header-display":"","site-post-title":"disabled","ast-breadcrumbs-content":"","ast-featured-img":"disabled","footer-sml-layout":"","theme-transparent-header-meta":"","adv-header-id-meta":"","stick-header-meta":"","header-above-stick-meta":"","header-main-stick-meta":"","header-below-stick-meta":""},"_links":{"self":[{"href":"https:\/\/venezolanoseneltriad.org\/es\/wp-json\/wp\/v2\/pages\/38"}],"collection":[{"href":"https:\/\/venezolanoseneltriad.org\/es\/wp-json\/wp\/v2\/pages"}],"about":[{"href":"https:\/\/venezolanoseneltriad.org\/es\/wp-json\/wp\/v2\/types\/page"}],"author":[{"embeddable":true,"href":"https:\/\/venezolanoseneltriad.org\/es\/wp-json\/wp\/v2\/users\/1"}],"replies":[{"embeddable":true,"href":"https:\/\/venezolanoseneltriad.org\/es\/wp-json\/wp\/v2\/comments?post=38"}],"version-history":[{"count":265,"href":"https:\/\/venezolanoseneltriad.org\/es\/wp-json\/wp\/v2\/pages\/38\/revisions"}],"predecessor-version":[{"id":4127,"href":"https:\/\/venezolanoseneltriad.org\/es\/wp-json\/wp\/v2\/pages\/38\/revisions\/4127"}],"wp:attachment":[{"href":"https:\/\/venezolanoseneltriad.org\/es\/wp-json\/wp\/v2\/media?parent=38"}],"curies":[{"name":"wp","href":"https:\/\/api.w.org\/{rel}","templated":true}]}}